{"id":595,"date":"2025-05-21T23:25:56","date_gmt":"2025-05-21T23:25:56","guid":{"rendered":"https:\/\/dulcesyconfitadoshada.com\/?page_id=595"},"modified":"2025-10-28T16:22:43","modified_gmt":"2025-10-28T16:22:43","slug":"almendra-confitada","status":"publish","type":"page","link":"https:\/\/dulcesyconfitadoshada.com\/index.php\/almendra-confitada\/","title":{"rendered":"Almendra Confitada"},"content":{"rendered":"\t\t<div data-elementor-type=\"wp-page\" data-elementor-id=\"595\" class=\"elementor elementor-595\">\n\t\t\t\t<div class=\"elementor-element elementor-element-e057e53 e-flex e-con-boxed e-con e-parent\" data-id=\"e057e53\" data-element_type=\"container\" data-e-type=\"container\" data-settings=\"{&quot;background_background&quot;:&quot;classic&quot;}\">\n\t\t\t\t\t<div class=\"e-con-inner\">\n\t\t\t\t<div class=\"elementor-element elementor-element-41ea639 elementor-widget elementor-widget-heading\" data-id=\"41ea639\" data-element_type=\"widget\" data-e-type=\"widget\" data-widget_type=\"heading.default\">\n\t\t\t\t<div class=\"elementor-widget-container\">\n\t\t\t\t\t<h2 class=\"elementor-heading-title elementor-size-default\">ALMENDRA CONFITADA<\/h2>\t\t\t\t<\/div>\n\t\t\t\t<\/div>\n\t\t\t\t<div class=\"elementor-element elementor-element-57ac52c elementor-widget elementor-widget-text-editor\" data-id=\"57ac52c\" data-element_type=\"widget\" data-e-type=\"widget\" data-widget_type=\"text-editor.default\">\n\t\t\t\t<div class=\"elementor-widget-container\">\n\t\t\t\t\t\t\t\t\t<p>Cada porci\u00f3n de 100 g contiene 456 calor\u00edas y est\u00e1 elaborada con almendras naturales cubiertas de chocolate y una capa confitada, lo que las convierte en un snack energ\u00e9tico y delicioso. Con 60.3 g de az\u00facares a\u00f1adidos, son perfectas para esos momentos en los que necesitas un impulso dulce con un toque crujiente. Adem\u00e1s, aportan 3.7 g de prote\u00edna y 3.4 g de fibra diet\u00e9tica, graciasal contenido de almendra, lo que las hace m\u00e1s completas que un dulce com\u00fan.<\/p>\t\t\t\t\t\t\t\t<\/div>\n\t\t\t\t<\/div>\n\t\t<div class=\"elementor-element elementor-element-5871d78 e-grid e-con-full e-con e-child\" data-id=\"5871d78\" data-element_type=\"container\" data-e-type=\"container\">\n\t\t\t\t<div class=\"elementor-element elementor-element-8b99f5f eael-flip-box--3d eael-flipbox-content-align-center elementor-widget elementor-widget-eael-flip-box\" data-id=\"8b99f5f\" data-element_type=\"widget\" data-e-type=\"widget\" data-widget_type=\"eael-flip-box.default\">\n\t\t\t\t<div class=\"elementor-widget-container\">\n\t\t\t\t\t        <div class=\"eael-elements-flip-box-container eael-animate-flip eael-animate-left eael-content eael-flip-box-hover eael-flipbox-fixed-height eael-flipbox-dynamic\">\n\n            <div class=\"eael-elements-flip-box-flip-card\">\n                <div class=\"eael-elements-flip-box-front-container\">\n                    \n                    \n                        <div class=\"eael-elements-slider-display-table\">\n                            <div class=\"eael-elements-flip-box-vertical-align\">\n                                <div class=\"eael-elements-flip-box-padding\">\n                                    <div class=\"eael-elements-flip-box-icon-image\">\n                                                                            <\/div>\n                                                                        <div class=\"eael-elements-flip-box-content\">\n\t                                                                        <\/div>\n                                <\/div>\n                            <\/div>\n                        <\/div>\n                                    <\/div>\n\n                <div class=\"eael-elements-flip-box-rear-container\">\n                                                                <div class=\"eael-elements-slider-display-table\">\n                            <div class=\"eael-elements-flip-box-vertical-align\">\n                                <div class=\"eael-elements-flip-box-padding\">\n                                                                            <div class=\"eael-elements-flip-box-icon-image\">\n                                                                                            <\/div>\n                                                                                                            <div class=\"eael-elements-flip-box-content\">\n                                                                            <\/div>\n\n                                                                    <\/div>\n                            <\/div>\n                        <\/div>\n                                    <\/div>\n            <\/div>\n        <\/div>\n        \t\t\t\t<\/div>\n\t\t\t\t<\/div>\n\t\t\t\t<div class=\"elementor-element elementor-element-3a1f4e8 eael-flip-box--3d eael-flipbox-content-align-center elementor-widget elementor-widget-eael-flip-box\" data-id=\"3a1f4e8\" data-element_type=\"widget\" data-e-type=\"widget\" data-widget_type=\"eael-flip-box.default\">\n\t\t\t\t<div class=\"elementor-widget-container\">\n\t\t\t\t\t        <div class=\"eael-elements-flip-box-container eael-animate-flip eael-animate-left eael-content eael-flip-box-hover eael-flipbox-fixed-height eael-flipbox-dynamic\">\n\n            <div class=\"eael-elements-flip-box-flip-card\">\n                <div class=\"eael-elements-flip-box-front-container\">\n                    \n                    \n                        <div class=\"eael-elements-slider-display-table\">\n                            <div class=\"eael-elements-flip-box-vertical-align\">\n                                <div class=\"eael-elements-flip-box-padding\">\n                                    <div class=\"eael-elements-flip-box-icon-image\">\n                                                                            <\/div>\n                                                                        <div class=\"eael-elements-flip-box-content\">\n\t                                                                        <\/div>\n                                <\/div>\n                            <\/div>\n                        <\/div>\n                                    <\/div>\n\n                <div class=\"eael-elements-flip-box-rear-container\">\n                                                                <div class=\"eael-elements-slider-display-table\">\n                            <div class=\"eael-elements-flip-box-vertical-align\">\n                                <div class=\"eael-elements-flip-box-padding\">\n                                                                            <div class=\"eael-elements-flip-box-icon-image\">\n                                                                                            <\/div>\n                                                                                                            <div class=\"eael-elements-flip-box-content\">\n                                                                            <\/div>\n\n                                                                    <\/div>\n                            <\/div>\n                        <\/div>\n                                    <\/div>\n            <\/div>\n        <\/div>\n        \t\t\t\t<\/div>\n\t\t\t\t<\/div>\n\t\t\t\t<div class=\"elementor-element elementor-element-bf2ddcf eael-flip-box--3d eael-flipbox-content-align-center elementor-widget elementor-widget-eael-flip-box\" data-id=\"bf2ddcf\" data-element_type=\"widget\" data-e-type=\"widget\" data-widget_type=\"eael-flip-box.default\">\n\t\t\t\t<div class=\"elementor-widget-container\">\n\t\t\t\t\t        <div class=\"eael-elements-flip-box-container eael-animate-flip eael-animate-left eael-content eael-flip-box-hover eael-flipbox-fixed-height eael-flipbox-dynamic\">\n\n            <div class=\"eael-elements-flip-box-flip-card\">\n                <div class=\"eael-elements-flip-box-front-container\">\n                    \n                    \n                        <div class=\"eael-elements-slider-display-table\">\n                            <div class=\"eael-elements-flip-box-vertical-align\">\n                                <div class=\"eael-elements-flip-box-padding\">\n                                    <div class=\"eael-elements-flip-box-icon-image\">\n                                                                            <\/div>\n                                                                        <div class=\"eael-elements-flip-box-content\">\n\t                                                                        <\/div>\n                                <\/div>\n                            <\/div>\n                        <\/div>\n                                    <\/div>\n\n                <div class=\"eael-elements-flip-box-rear-container\">\n                                                                <div class=\"eael-elements-slider-display-table\">\n                            <div class=\"eael-elements-flip-box-vertical-align\">\n                                <div class=\"eael-elements-flip-box-padding\">\n                                                                            <div class=\"eael-elements-flip-box-icon-image\">\n                                                                                            <\/div>\n                                                                                                            <div class=\"eael-elements-flip-box-content\">\n                                                                            <\/div>\n\n                                                                    <\/div>\n                            <\/div>\n                        <\/div>\n                                    <\/div>\n            <\/div>\n        <\/div>\n        \t\t\t\t<\/div>\n\t\t\t\t<\/div>\n\t\t\t\t<\/div>\n\t\t\t\t\t<\/div>\n\t\t\t\t<\/div>\n\t\t\t\t<\/div>\n\t\t","protected":false},"excerpt":{"rendered":"<p>ALMENDRA CONFITADA Cada porci\u00f3n de 100 g contiene 456 calor\u00edas y est\u00e1 elaborada con almendras naturales cubiertas de chocolate y una capa confitada, lo que las convierte en un snack energ\u00e9tico y delicioso. Con 60.3 g de az\u00facares a\u00f1adidos, son perfectas para esos momentos en los que necesitas un impulso dulce con un toque crujiente. [&hellip;]<\/p>\n","protected":false},"author":1,"featured_media":0,"parent":0,"menu_order":0,"comment_status":"closed","ping_status":"closed","template":"","meta":{"site-sidebar-layout":"no-sidebar","site-content-layout":"","ast-site-content-layout":"full-width-container","site-content-style":"default","site-sidebar-style":"default","ast-global-header-display":"","ast-banner-title-visibility":"","ast-main-header-display":"","ast-hfb-above-header-display":"","ast-hfb-below-header-display":"","ast-hfb-mobile-header-display":"","site-post-title":"disabled","ast-breadcrumbs-content":"","ast-featured-img":"disabled","footer-sml-layout":"","theme-transparent-header-meta":"","adv-header-id-meta":"","stick-header-meta":"","header-above-stick-meta":"","header-main-stick-meta":"","header-below-stick-meta":"","astra-migrate-meta-layouts":"default","ast-page-background-enabled":"default","ast-page-background-meta":{"desktop":{"background-color":"var(--ast-global-color-4)","background-image":"","background-repeat":"repeat","background-position":"center center","background-size":"auto","background-attachment":"scroll","background-type":"","background-media":"","overlay-type":"","overlay-color":"","overlay-opacity":"","overlay-gradient":""},"tablet":{"background-color":"","background-image":"","background-repeat":"repeat","background-position":"center center","background-size":"auto","background-attachment":"scroll","background-type":"","background-media":"","overlay-type":"","overlay-color":"","overlay-opacity":"","overlay-gradient":""},"mobile":{"background-color":"","background-image":"","background-repeat":"repeat","background-position":"center center","background-size":"auto","background-attachment":"scroll","background-type":"","background-media":"","overlay-type":"","overlay-color":"","overlay-opacity":"","overlay-gradient":""}},"ast-content-background-meta":{"desktop":{"background-color":"var(--ast-global-color-5)","background-image":"","background-repeat":"repeat","background-position":"center center","background-size":"auto","background-attachment":"scroll","background-type":"","background-media":"","overlay-type":"","overlay-color":"","overlay-opacity":"","overlay-gradient":""},"tablet":{"background-color":"var(--ast-global-color-5)","background-image":"","background-repeat":"repeat","background-position":"center center","background-size":"auto","background-attachment":"scroll","background-type":"","background-media":"","overlay-type":"","overlay-color":"","overlay-opacity":"","overlay-gradient":""},"mobile":{"background-color":"var(--ast-global-color-5)","background-image":"","background-repeat":"repeat","background-position":"center center","background-size":"auto","background-attachment":"scroll","background-type":"","background-media":"","overlay-type":"","overlay-color":"","overlay-opacity":"","overlay-gradient":""}},"_joinchat":[],"footnotes":""},"class_list":["post-595","page","type-page","status-publish","hentry"],"yoast_head":"<!-- This site is optimized with the Yoast SEO plugin v27.4 - https:\/\/yoast.com\/product\/yoast-seo-wordpress\/ -->\n<title>Almendra Confitada - Dulces y Confitados Hada<\/title>\n<meta name=\"robots\" content=\"index, follow, max-snippet:-1, max-image-preview:large, max-video-preview:-1\" \/>\n<link rel=\"canonical\" href=\"https:\/\/dulcesyconfitadoshada.com\/index.php\/almendra-confitada\/\" \/>\n<meta property=\"og:locale\" content=\"es_ES\" \/>\n<meta property=\"og:type\" content=\"article\" \/>\n<meta property=\"og:title\" content=\"Almendra Confitada - Dulces y Confitados Hada\" \/>\n<meta property=\"og:description\" content=\"ALMENDRA CONFITADA Cada porci\u00f3n de 100 g contiene 456 calor\u00edas y est\u00e1 elaborada con almendras naturales cubiertas de chocolate y una capa confitada, lo que las convierte en un snack energ\u00e9tico y delicioso. Con 60.3 g de az\u00facares a\u00f1adidos, son perfectas para esos momentos en los que necesitas un impulso dulce con un toque crujiente. [&hellip;]\" \/>\n<meta property=\"og:url\" content=\"https:\/\/dulcesyconfitadoshada.com\/index.php\/almendra-confitada\/\" \/>\n<meta property=\"og:site_name\" content=\"Dulces y Confitados Hada\" \/>\n<meta property=\"article:modified_time\" content=\"2025-10-28T16:22:43+00:00\" \/>\n<meta name=\"twitter:card\" content=\"summary_large_image\" \/>\n<meta name=\"twitter:label1\" content=\"Tiempo de lectura\" \/>\n\t<meta name=\"twitter:data1\" content=\"1 minuto\" \/>\n<script type=\"application\/ld+json\" class=\"yoast-schema-graph\">{\"@context\":\"https:\\\/\\\/schema.org\",\"@graph\":[{\"@type\":\"WebPage\",\"@id\":\"https:\\\/\\\/dulcesyconfitadoshada.com\\\/index.php\\\/almendra-confitada\\\/\",\"url\":\"https:\\\/\\\/dulcesyconfitadoshada.com\\\/index.php\\\/almendra-confitada\\\/\",\"name\":\"Almendra Confitada - Dulces y Confitados Hada\",\"isPartOf\":{\"@id\":\"https:\\\/\\\/dulcesyconfitadoshada.com\\\/#website\"},\"datePublished\":\"2025-05-21T23:25:56+00:00\",\"dateModified\":\"2025-10-28T16:22:43+00:00\",\"breadcrumb\":{\"@id\":\"https:\\\/\\\/dulcesyconfitadoshada.com\\\/index.php\\\/almendra-confitada\\\/#breadcrumb\"},\"inLanguage\":\"es\",\"potentialAction\":[{\"@type\":\"ReadAction\",\"target\":[\"https:\\\/\\\/dulcesyconfitadoshada.com\\\/index.php\\\/almendra-confitada\\\/\"]}]},{\"@type\":\"BreadcrumbList\",\"@id\":\"https:\\\/\\\/dulcesyconfitadoshada.com\\\/index.php\\\/almendra-confitada\\\/#breadcrumb\",\"itemListElement\":[{\"@type\":\"ListItem\",\"position\":1,\"name\":\"Portada\",\"item\":\"https:\\\/\\\/dulcesyconfitadoshada.com\\\/\"},{\"@type\":\"ListItem\",\"position\":2,\"name\":\"Almendra Confitada\"}]},{\"@type\":\"WebSite\",\"@id\":\"https:\\\/\\\/dulcesyconfitadoshada.com\\\/#website\",\"url\":\"https:\\\/\\\/dulcesyconfitadoshada.com\\\/\",\"name\":\"Dulces y Confitados Hada\",\"description\":\"Hada la magia que endulza tu vida\",\"publisher\":{\"@id\":\"https:\\\/\\\/dulcesyconfitadoshada.com\\\/#organization\"},\"potentialAction\":[{\"@type\":\"SearchAction\",\"target\":{\"@type\":\"EntryPoint\",\"urlTemplate\":\"https:\\\/\\\/dulcesyconfitadoshada.com\\\/?s={search_term_string}\"},\"query-input\":{\"@type\":\"PropertyValueSpecification\",\"valueRequired\":true,\"valueName\":\"search_term_string\"}}],\"inLanguage\":\"es\"},{\"@type\":\"Organization\",\"@id\":\"https:\\\/\\\/dulcesyconfitadoshada.com\\\/#organization\",\"name\":\"Dulces y Confitados Hada\",\"url\":\"https:\\\/\\\/dulcesyconfitadoshada.com\\\/\",\"logo\":{\"@type\":\"ImageObject\",\"inLanguage\":\"es\",\"@id\":\"https:\\\/\\\/dulcesyconfitadoshada.com\\\/#\\\/schema\\\/logo\\\/image\\\/\",\"url\":\"https:\\\/\\\/dulcesyconfitadoshada.com\\\/wp-content\\\/uploads\\\/2024\\\/08\\\/Hada-cabeza-LOGO.webp\",\"contentUrl\":\"https:\\\/\\\/dulcesyconfitadoshada.com\\\/wp-content\\\/uploads\\\/2024\\\/08\\\/Hada-cabeza-LOGO.webp\",\"width\":1455,\"height\":1920,\"caption\":\"Dulces y Confitados Hada\"},\"image\":{\"@id\":\"https:\\\/\\\/dulcesyconfitadoshada.com\\\/#\\\/schema\\\/logo\\\/image\\\/\"}}]}<\/script>\n<!-- \/ Yoast SEO plugin. -->","yoast_head_json":{"title":"Almendra Confitada - Dulces y Confitados Hada","robots":{"index":"index","follow":"follow","max-snippet":"max-snippet:-1","max-image-preview":"max-image-preview:large","max-video-preview":"max-video-preview:-1"},"canonical":"https:\/\/dulcesyconfitadoshada.com\/index.php\/almendra-confitada\/","og_locale":"es_ES","og_type":"article","og_title":"Almendra Confitada - Dulces y Confitados Hada","og_description":"ALMENDRA CONFITADA Cada porci\u00f3n de 100 g contiene 456 calor\u00edas y est\u00e1 elaborada con almendras naturales cubiertas de chocolate y una capa confitada, lo que las convierte en un snack energ\u00e9tico y delicioso. Con 60.3 g de az\u00facares a\u00f1adidos, son perfectas para esos momentos en los que necesitas un impulso dulce con un toque crujiente. [&hellip;]","og_url":"https:\/\/dulcesyconfitadoshada.com\/index.php\/almendra-confitada\/","og_site_name":"Dulces y Confitados Hada","article_modified_time":"2025-10-28T16:22:43+00:00","twitter_card":"summary_large_image","twitter_misc":{"Tiempo de lectura":"1 minuto"},"schema":{"@context":"https:\/\/schema.org","@graph":[{"@type":"WebPage","@id":"https:\/\/dulcesyconfitadoshada.com\/index.php\/almendra-confitada\/","url":"https:\/\/dulcesyconfitadoshada.com\/index.php\/almendra-confitada\/","name":"Almendra Confitada - Dulces y Confitados Hada","isPartOf":{"@id":"https:\/\/dulcesyconfitadoshada.com\/#website"},"datePublished":"2025-05-21T23:25:56+00:00","dateModified":"2025-10-28T16:22:43+00:00","breadcrumb":{"@id":"https:\/\/dulcesyconfitadoshada.com\/index.php\/almendra-confitada\/#breadcrumb"},"inLanguage":"es","potentialAction":[{"@type":"ReadAction","target":["https:\/\/dulcesyconfitadoshada.com\/index.php\/almendra-confitada\/"]}]},{"@type":"BreadcrumbList","@id":"https:\/\/dulcesyconfitadoshada.com\/index.php\/almendra-confitada\/#breadcrumb","itemListElement":[{"@type":"ListItem","position":1,"name":"Portada","item":"https:\/\/dulcesyconfitadoshada.com\/"},{"@type":"ListItem","position":2,"name":"Almendra Confitada"}]},{"@type":"WebSite","@id":"https:\/\/dulcesyconfitadoshada.com\/#website","url":"https:\/\/dulcesyconfitadoshada.com\/","name":"Dulces y Confitados Hada","description":"Hada la magia que endulza tu vida","publisher":{"@id":"https:\/\/dulcesyconfitadoshada.com\/#organization"},"potentialAction":[{"@type":"SearchAction","target":{"@type":"EntryPoint","urlTemplate":"https:\/\/dulcesyconfitadoshada.com\/?s={search_term_string}"},"query-input":{"@type":"PropertyValueSpecification","valueRequired":true,"valueName":"search_term_string"}}],"inLanguage":"es"},{"@type":"Organization","@id":"https:\/\/dulcesyconfitadoshada.com\/#organization","name":"Dulces y Confitados Hada","url":"https:\/\/dulcesyconfitadoshada.com\/","logo":{"@type":"ImageObject","inLanguage":"es","@id":"https:\/\/dulcesyconfitadoshada.com\/#\/schema\/logo\/image\/","url":"https:\/\/dulcesyconfitadoshada.com\/wp-content\/uploads\/2024\/08\/Hada-cabeza-LOGO.webp","contentUrl":"https:\/\/dulcesyconfitadoshada.com\/wp-content\/uploads\/2024\/08\/Hada-cabeza-LOGO.webp","width":1455,"height":1920,"caption":"Dulces y Confitados Hada"},"image":{"@id":"https:\/\/dulcesyconfitadoshada.com\/#\/schema\/logo\/image\/"}}]}},"_links":{"self":[{"href":"https:\/\/dulcesyconfitadoshada.com\/index.php\/wp-json\/wp\/v2\/pages\/595","targetHints":{"allow":["GET"]}}],"collection":[{"href":"https:\/\/dulcesyconfitadoshada.com\/index.php\/wp-json\/wp\/v2\/pages"}],"about":[{"href":"https:\/\/dulcesyconfitadoshada.com\/index.php\/wp-json\/wp\/v2\/types\/page"}],"author":[{"embeddable":true,"href":"https:\/\/dulcesyconfitadoshada.com\/index.php\/wp-json\/wp\/v2\/users\/1"}],"replies":[{"embeddable":true,"href":"https:\/\/dulcesyconfitadoshada.com\/index.php\/wp-json\/wp\/v2\/comments?post=595"}],"version-history":[{"count":16,"href":"https:\/\/dulcesyconfitadoshada.com\/index.php\/wp-json\/wp\/v2\/pages\/595\/revisions"}],"predecessor-version":[{"id":870,"href":"https:\/\/dulcesyconfitadoshada.com\/index.php\/wp-json\/wp\/v2\/pages\/595\/revisions\/870"}],"wp:attachment":[{"href":"https:\/\/dulcesyconfitadoshada.com\/index.php\/wp-json\/wp\/v2\/media?parent=595"}],"curies":[{"name":"wp","href":"https:\/\/api.w.org\/{rel}","templated":true}]}}