{"id":615,"date":"2025-05-21T23:42:38","date_gmt":"2025-05-21T23:42:38","guid":{"rendered":"https:\/\/dulcesyconfitadoshada.com\/?page_id=615"},"modified":"2025-10-28T16:13:04","modified_gmt":"2025-10-28T16:13:04","slug":"nosotros","status":"publish","type":"page","link":"https:\/\/dulcesyconfitadoshada.com\/index.php\/nosotros\/","title":{"rendered":"Nosotros"},"content":{"rendered":"\t\t<div data-elementor-type=\"wp-page\" data-elementor-id=\"615\" class=\"elementor elementor-615\">\n\t\t\t\t<div class=\"elementor-element elementor-element-e057e53 e-flex e-con-boxed e-con e-parent\" data-id=\"e057e53\" data-element_type=\"container\" data-e-type=\"container\" data-settings=\"{&quot;background_background&quot;:&quot;classic&quot;}\">\n\t\t\t\t\t<div class=\"e-con-inner\">\n\t\t\t\t<div class=\"elementor-element elementor-element-41ea639 elementor-widget elementor-widget-heading\" data-id=\"41ea639\" data-element_type=\"widget\" data-e-type=\"widget\" data-widget_type=\"heading.default\">\n\t\t\t\t<div class=\"elementor-widget-container\">\n\t\t\t\t\t<h2 class=\"elementor-heading-title elementor-size-default\">NOSOTROS<\/h2>\t\t\t\t<\/div>\n\t\t\t\t<\/div>\n\t\t\t\t<div class=\"elementor-element elementor-element-b556272 elementor-widget elementor-widget-heading\" data-id=\"b556272\" data-element_type=\"widget\" data-e-type=\"widget\" data-widget_type=\"heading.default\">\n\t\t\t\t<div class=\"elementor-widget-container\">\n\t\t\t\t\t<h2 class=\"elementor-heading-title elementor-size-default\">MISI\u00d3N<\/h2>\t\t\t\t<\/div>\n\t\t\t\t<\/div>\n\t\t\t\t<div class=\"elementor-element elementor-element-57ac52c elementor-widget elementor-widget-text-editor\" data-id=\"57ac52c\" data-element_type=\"widget\" data-e-type=\"widget\" data-widget_type=\"text-editor.default\">\n\t\t\t\t<div class=\"elementor-widget-container\">\n\t\t\t\t\t\t\t\t\t<p>Elaborar productos de la m\u00e1s alta calidad en el sector de dulces y confitados, satisfaciendo las necesidades de nuestros clientes a trav\u00e9s de sabores irresistibles y una distribuci\u00f3n eficiente. Nos comprometemos a endulzar la vida de nuestros consumidores con excelencia, innovaci\u00f3n y un servicio excepcional.<\/p>\t\t\t\t\t\t\t\t<\/div>\n\t\t\t\t<\/div>\n\t\t\t\t<div class=\"elementor-element elementor-element-8a5474c elementor-widget elementor-widget-heading\" data-id=\"8a5474c\" data-element_type=\"widget\" data-e-type=\"widget\" data-widget_type=\"heading.default\">\n\t\t\t\t<div class=\"elementor-widget-container\">\n\t\t\t\t\t<h2 class=\"elementor-heading-title elementor-size-default\">VISI\u00d3N<\/h2>\t\t\t\t<\/div>\n\t\t\t\t<\/div>\n\t\t\t\t<div class=\"elementor-element elementor-element-1670451 elementor-widget elementor-widget-text-editor\" data-id=\"1670451\" data-element_type=\"widget\" data-e-type=\"widget\" data-widget_type=\"text-editor.default\">\n\t\t\t\t<div class=\"elementor-widget-container\">\n\t\t\t\t\t\t\t\t\t<p>Ser la empresa l\u00edder en la industria de dulces y confitados, reconocida por la calidad de nuestros productos, el mejor servicio y precios accesibles. Aspiramos a expandir nuestra presencia en el mercado, destac\u00e1ndonos por la innovaci\u00f3n, la sostenibilidad y la satisfacci\u00f3n total de nuestrosclientes.<\/p>\t\t\t\t\t\t\t\t<\/div>\n\t\t\t\t<\/div>\n\t\t\t\t<div class=\"elementor-element elementor-element-96ec82d elementor-widget elementor-widget-heading\" data-id=\"96ec82d\" data-element_type=\"widget\" data-e-type=\"widget\" data-widget_type=\"heading.default\">\n\t\t\t\t<div class=\"elementor-widget-container\">\n\t\t\t\t\t<h2 class=\"elementor-heading-title elementor-size-default\">VALORES<\/h2>\t\t\t\t<\/div>\n\t\t\t\t<\/div>\n\t\t\t\t<div class=\"elementor-element elementor-element-3f798e0 elementor-widget elementor-widget-heading\" data-id=\"3f798e0\" data-element_type=\"widget\" data-e-type=\"widget\" data-widget_type=\"heading.default\">\n\t\t\t\t<div class=\"elementor-widget-container\">\n\t\t\t\t\t<h2 class=\"elementor-heading-title elementor-size-default\">Honestidad<\/h2>\t\t\t\t<\/div>\n\t\t\t\t<\/div>\n\t\t\t\t<div class=\"elementor-element elementor-element-361931e elementor-widget elementor-widget-text-editor\" data-id=\"361931e\" data-element_type=\"widget\" data-e-type=\"widget\" data-widget_type=\"text-editor.default\">\n\t\t\t\t<div class=\"elementor-widget-container\">\n\t\t\t\t\t\t\t\t\t<p>Actuamos con transparencia y responsabilidad en todas nuestras relaciones, cumpliendo nuestros compromisos con clientes, colaboradores y proveedores. Generamos confianza a trav\u00e9s de la fidelidad, la \u00e9tica y la calidad en cada producto que ofrecemos.<\/p>\t\t\t\t\t\t\t\t<\/div>\n\t\t\t\t<\/div>\n\t\t\t\t<div class=\"elementor-element elementor-element-347c1a1 elementor-widget elementor-widget-heading\" data-id=\"347c1a1\" data-element_type=\"widget\" data-e-type=\"widget\" data-widget_type=\"heading.default\">\n\t\t\t\t<div class=\"elementor-widget-container\">\n\t\t\t\t\t<h2 class=\"elementor-heading-title elementor-size-default\">Trabajo en equipo<\/h2>\t\t\t\t<\/div>\n\t\t\t\t<\/div>\n\t\t\t\t<div class=\"elementor-element elementor-element-1415d36 elementor-widget elementor-widget-text-editor\" data-id=\"1415d36\" data-element_type=\"widget\" data-e-type=\"widget\" data-widget_type=\"text-editor.default\">\n\t\t\t\t<div class=\"elementor-widget-container\">\n\t\t\t\t\t\t\t\t\t<p>Fomentamos la colaboraci\u00f3n y el respeto, uniendo talentos y esfuerzos para alcanzar objetivos comunes. Escuchamos y valoramos las ideas de nuestros clientes, empleados y socios comerciales, promoviendo un ambiente armonioso y productivo<\/p>\t\t\t\t\t\t\t\t<\/div>\n\t\t\t\t<\/div>\n\t\t\t\t<div class=\"elementor-element elementor-element-9fb0468 elementor-widget elementor-widget-heading\" data-id=\"9fb0468\" data-element_type=\"widget\" data-e-type=\"widget\" data-widget_type=\"heading.default\">\n\t\t\t\t<div class=\"elementor-widget-container\">\n\t\t\t\t\t<h2 class=\"elementor-heading-title elementor-size-default\">Innovaci\u00f3n y desarrollo<\/h2>\t\t\t\t<\/div>\n\t\t\t\t<\/div>\n\t\t\t\t<div class=\"elementor-element elementor-element-a287e29 elementor-widget elementor-widget-text-editor\" data-id=\"a287e29\" data-element_type=\"widget\" data-e-type=\"widget\" data-widget_type=\"text-editor.default\">\n\t\t\t\t<div class=\"elementor-widget-container\">\n\t\t\t\t\t\t\t\t\t<p>Buscamos constantemente soluciones creativas para mejorar nuestros procesos\u00a0 productos. Nos comprometemos con la mejora continua, explorando nuevas oportunidades para ofrecer dulces y confitados que sorprendan y deleiten a nuestros consumidores.<\/p>\t\t\t\t\t\t\t\t<\/div>\n\t\t\t\t<\/div>\n\t\t\t\t<div class=\"elementor-element elementor-element-0bdf7f9 elementor-widget elementor-widget-heading\" data-id=\"0bdf7f9\" data-element_type=\"widget\" data-e-type=\"widget\" data-widget_type=\"heading.default\">\n\t\t\t\t<div class=\"elementor-widget-container\">\n\t\t\t\t\t<h2 class=\"elementor-heading-title elementor-size-default\">Adaptabilidad<\/h2>\t\t\t\t<\/div>\n\t\t\t\t<\/div>\n\t\t\t\t<div class=\"elementor-element elementor-element-c717efd elementor-widget elementor-widget-text-editor\" data-id=\"c717efd\" data-element_type=\"widget\" data-e-type=\"widget\" data-widget_type=\"text-editor.default\">\n\t\t\t\t<div class=\"elementor-widget-container\">\n\t\t\t\t\t\t\t\t\t<p>Nos ajustamos a los cambios del mercado y a las necesidades de nuestros clientes con flexibilidad y visi\u00f3n estrat\u00e9gica. Respondemos a los desaf\u00edos con agilidad, asegurando elcrecimiento y estabilidad de nuestra empresa<\/p>\t\t\t\t\t\t\t\t<\/div>\n\t\t\t\t<\/div>\n\t\t\t\t<div class=\"elementor-element elementor-element-932abf2 elementor-widget elementor-widget-image\" data-id=\"932abf2\" data-element_type=\"widget\" data-e-type=\"widget\" data-widget_type=\"image.default\">\n\t\t\t\t<div class=\"elementor-widget-container\">\n\t\t\t\t\t\t\t\t\t\t\t\t\t\t\t<img fetchpriority=\"high\" decoding=\"async\" width=\"1024\" height=\"688\" src=\"https:\/\/dulcesyconfitadoshada.com\/wp-content\/uploads\/2025\/05\/Equipo-HADA-1024x688.jpg\" class=\"attachment-large size-large wp-image-623\" alt=\"\" srcset=\"https:\/\/dulcesyconfitadoshada.com\/wp-content\/uploads\/2025\/05\/Equipo-HADA-1024x688.jpg 1024w, https:\/\/dulcesyconfitadoshada.com\/wp-content\/uploads\/2025\/05\/Equipo-HADA-300x202.jpg 300w, https:\/\/dulcesyconfitadoshada.com\/wp-content\/uploads\/2025\/05\/Equipo-HADA-768x516.jpg 768w, https:\/\/dulcesyconfitadoshada.com\/wp-content\/uploads\/2025\/05\/Equipo-HADA-1536x1032.jpg 1536w, https:\/\/dulcesyconfitadoshada.com\/wp-content\/uploads\/2025\/05\/Equipo-HADA-2048x1376.jpg 2048w\" sizes=\"(max-width: 1024px) 100vw, 1024px\" \/>\t\t\t\t\t\t\t\t\t\t\t\t\t\t\t<\/div>\n\t\t\t\t<\/div>\n\t\t\t\t\t<\/div>\n\t\t\t\t<\/div>\n\t\t\t\t<\/div>\n\t\t","protected":false},"excerpt":{"rendered":"<p>NOSOTROS MISI\u00d3N Elaborar productos de la m\u00e1s alta calidad en el sector de dulces y confitados, satisfaciendo las necesidades de nuestros clientes a trav\u00e9s de sabores irresistibles y una distribuci\u00f3n eficiente. Nos comprometemos a endulzar la vida de nuestros consumidores con excelencia, innovaci\u00f3n y un servicio excepcional. VISI\u00d3N Ser la empresa l\u00edder en la industria [&hellip;]<\/p>\n","protected":false},"author":1,"featured_media":0,"parent":0,"menu_order":0,"comment_status":"closed","ping_status":"closed","template":"","meta":{"site-sidebar-layout":"no-sidebar","site-content-layout":"","ast-site-content-layout":"full-width-container","site-content-style":"default","site-sidebar-style":"default","ast-global-header-display":"","ast-banner-title-visibility":"","ast-main-header-display":"","ast-hfb-above-header-display":"","ast-hfb-below-header-display":"","ast-hfb-mobile-header-display":"","site-post-title":"disabled","ast-breadcrumbs-content":"","ast-featured-img":"disabled","footer-sml-layout":"","theme-transparent-header-meta":"","adv-header-id-meta":"","stick-header-meta":"","header-above-stick-meta":"","header-main-stick-meta":"","header-below-stick-meta":"","astra-migrate-meta-layouts":"default","ast-page-background-enabled":"default","ast-page-background-meta":{"desktop":{"background-color":"var(--ast-global-color-4)","background-image":"","background-repeat":"repeat","background-position":"center center","background-size":"auto","background-attachment":"scroll","background-type":"","background-media":"","overlay-type":"","overlay-color":"","overlay-opacity":"","overlay-gradient":""},"tablet":{"background-color":"","background-image":"","background-repeat":"repeat","background-position":"center center","background-size":"auto","background-attachment":"scroll","background-type":"","background-media":"","overlay-type":"","overlay-color":"","overlay-opacity":"","overlay-gradient":""},"mobile":{"background-color":"","background-image":"","background-repeat":"repeat","background-position":"center center","background-size":"auto","background-attachment":"scroll","background-type":"","background-media":"","overlay-type":"","overlay-color":"","overlay-opacity":"","overlay-gradient":""}},"ast-content-background-meta":{"desktop":{"background-color":"var(--ast-global-color-5)","background-image":"","background-repeat":"repeat","background-position":"center center","background-size":"auto","background-attachment":"scroll","background-type":"","background-media":"","overlay-type":"","overlay-color":"","overlay-opacity":"","overlay-gradient":""},"tablet":{"background-color":"var(--ast-global-color-5)","background-image":"","background-repeat":"repeat","background-position":"center center","background-size":"auto","background-attachment":"scroll","background-type":"","background-media":"","overlay-type":"","overlay-color":"","overlay-opacity":"","overlay-gradient":""},"mobile":{"background-color":"var(--ast-global-color-5)","background-image":"","background-repeat":"repeat","background-position":"center center","background-size":"auto","background-attachment":"scroll","background-type":"","background-media":"","overlay-type":"","overlay-color":"","overlay-opacity":"","overlay-gradient":""}},"_joinchat":[],"footnotes":""},"class_list":["post-615","page","type-page","status-publish","hentry"],"yoast_head":"<!-- This site is optimized with the Yoast SEO plugin v27.4 - https:\/\/yoast.com\/product\/yoast-seo-wordpress\/ -->\n<title>Nosotros - Dulces y Confitados Hada<\/title>\n<meta name=\"robots\" content=\"index, follow, max-snippet:-1, max-image-preview:large, max-video-preview:-1\" \/>\n<link rel=\"canonical\" href=\"https:\/\/dulcesyconfitadoshada.com\/index.php\/nosotros\/\" \/>\n<meta property=\"og:locale\" content=\"es_ES\" \/>\n<meta property=\"og:type\" content=\"article\" \/>\n<meta property=\"og:title\" content=\"Nosotros - Dulces y Confitados Hada\" \/>\n<meta property=\"og:description\" content=\"NOSOTROS MISI\u00d3N Elaborar productos de la m\u00e1s alta calidad en el sector de dulces y confitados, satisfaciendo las necesidades de nuestros clientes a trav\u00e9s de sabores irresistibles y una distribuci\u00f3n eficiente. Nos comprometemos a endulzar la vida de nuestros consumidores con excelencia, innovaci\u00f3n y un servicio excepcional. VISI\u00d3N Ser la empresa l\u00edder en la industria [&hellip;]\" \/>\n<meta property=\"og:url\" content=\"https:\/\/dulcesyconfitadoshada.com\/index.php\/nosotros\/\" \/>\n<meta property=\"og:site_name\" content=\"Dulces y Confitados Hada\" \/>\n<meta property=\"article:modified_time\" content=\"2025-10-28T16:13:04+00:00\" \/>\n<meta property=\"og:image\" content=\"https:\/\/dulcesyconfitadoshada.com\/wp-content\/uploads\/2025\/05\/Equipo-HADA-scaled.jpg\" \/>\n\t<meta property=\"og:image:width\" content=\"2560\" \/>\n\t<meta property=\"og:image:height\" content=\"1720\" \/>\n\t<meta property=\"og:image:type\" content=\"image\/jpeg\" \/>\n<meta name=\"twitter:card\" content=\"summary_large_image\" \/>\n<meta name=\"twitter:label1\" content=\"Tiempo de lectura\" \/>\n\t<meta name=\"twitter:data1\" content=\"2 minutos\" \/>\n<script type=\"application\/ld+json\" class=\"yoast-schema-graph\">{\"@context\":\"https:\\\/\\\/schema.org\",\"@graph\":[{\"@type\":\"WebPage\",\"@id\":\"https:\\\/\\\/dulcesyconfitadoshada.com\\\/index.php\\\/nosotros\\\/\",\"url\":\"https:\\\/\\\/dulcesyconfitadoshada.com\\\/index.php\\\/nosotros\\\/\",\"name\":\"Nosotros - Dulces y Confitados Hada\",\"isPartOf\":{\"@id\":\"https:\\\/\\\/dulcesyconfitadoshada.com\\\/#website\"},\"primaryImageOfPage\":{\"@id\":\"https:\\\/\\\/dulcesyconfitadoshada.com\\\/index.php\\\/nosotros\\\/#primaryimage\"},\"image\":{\"@id\":\"https:\\\/\\\/dulcesyconfitadoshada.com\\\/index.php\\\/nosotros\\\/#primaryimage\"},\"thumbnailUrl\":\"https:\\\/\\\/dulcesyconfitadoshada.com\\\/wp-content\\\/uploads\\\/2025\\\/05\\\/Equipo-HADA-1024x688.jpg\",\"datePublished\":\"2025-05-21T23:42:38+00:00\",\"dateModified\":\"2025-10-28T16:13:04+00:00\",\"breadcrumb\":{\"@id\":\"https:\\\/\\\/dulcesyconfitadoshada.com\\\/index.php\\\/nosotros\\\/#breadcrumb\"},\"inLanguage\":\"es\",\"potentialAction\":[{\"@type\":\"ReadAction\",\"target\":[\"https:\\\/\\\/dulcesyconfitadoshada.com\\\/index.php\\\/nosotros\\\/\"]}]},{\"@type\":\"ImageObject\",\"inLanguage\":\"es\",\"@id\":\"https:\\\/\\\/dulcesyconfitadoshada.com\\\/index.php\\\/nosotros\\\/#primaryimage\",\"url\":\"https:\\\/\\\/dulcesyconfitadoshada.com\\\/wp-content\\\/uploads\\\/2025\\\/05\\\/Equipo-HADA-scaled.jpg\",\"contentUrl\":\"https:\\\/\\\/dulcesyconfitadoshada.com\\\/wp-content\\\/uploads\\\/2025\\\/05\\\/Equipo-HADA-scaled.jpg\",\"width\":2560,\"height\":1720},{\"@type\":\"BreadcrumbList\",\"@id\":\"https:\\\/\\\/dulcesyconfitadoshada.com\\\/index.php\\\/nosotros\\\/#breadcrumb\",\"itemListElement\":[{\"@type\":\"ListItem\",\"position\":1,\"name\":\"Portada\",\"item\":\"https:\\\/\\\/dulcesyconfitadoshada.com\\\/\"},{\"@type\":\"ListItem\",\"position\":2,\"name\":\"Nosotros\"}]},{\"@type\":\"WebSite\",\"@id\":\"https:\\\/\\\/dulcesyconfitadoshada.com\\\/#website\",\"url\":\"https:\\\/\\\/dulcesyconfitadoshada.com\\\/\",\"name\":\"Dulces y Confitados Hada\",\"description\":\"Hada la magia que endulza tu vida\",\"publisher\":{\"@id\":\"https:\\\/\\\/dulcesyconfitadoshada.com\\\/#organization\"},\"potentialAction\":[{\"@type\":\"SearchAction\",\"target\":{\"@type\":\"EntryPoint\",\"urlTemplate\":\"https:\\\/\\\/dulcesyconfitadoshada.com\\\/?s={search_term_string}\"},\"query-input\":{\"@type\":\"PropertyValueSpecification\",\"valueRequired\":true,\"valueName\":\"search_term_string\"}}],\"inLanguage\":\"es\"},{\"@type\":\"Organization\",\"@id\":\"https:\\\/\\\/dulcesyconfitadoshada.com\\\/#organization\",\"name\":\"Dulces y Confitados Hada\",\"url\":\"https:\\\/\\\/dulcesyconfitadoshada.com\\\/\",\"logo\":{\"@type\":\"ImageObject\",\"inLanguage\":\"es\",\"@id\":\"https:\\\/\\\/dulcesyconfitadoshada.com\\\/#\\\/schema\\\/logo\\\/image\\\/\",\"url\":\"https:\\\/\\\/dulcesyconfitadoshada.com\\\/wp-content\\\/uploads\\\/2024\\\/08\\\/Hada-cabeza-LOGO.webp\",\"contentUrl\":\"https:\\\/\\\/dulcesyconfitadoshada.com\\\/wp-content\\\/uploads\\\/2024\\\/08\\\/Hada-cabeza-LOGO.webp\",\"width\":1455,\"height\":1920,\"caption\":\"Dulces y Confitados Hada\"},\"image\":{\"@id\":\"https:\\\/\\\/dulcesyconfitadoshada.com\\\/#\\\/schema\\\/logo\\\/image\\\/\"}}]}<\/script>\n<!-- \/ Yoast SEO plugin. -->","yoast_head_json":{"title":"Nosotros - Dulces y Confitados Hada","robots":{"index":"index","follow":"follow","max-snippet":"max-snippet:-1","max-image-preview":"max-image-preview:large","max-video-preview":"max-video-preview:-1"},"canonical":"https:\/\/dulcesyconfitadoshada.com\/index.php\/nosotros\/","og_locale":"es_ES","og_type":"article","og_title":"Nosotros - Dulces y Confitados Hada","og_description":"NOSOTROS MISI\u00d3N Elaborar productos de la m\u00e1s alta calidad en el sector de dulces y confitados, satisfaciendo las necesidades de nuestros clientes a trav\u00e9s de sabores irresistibles y una distribuci\u00f3n eficiente. Nos comprometemos a endulzar la vida de nuestros consumidores con excelencia, innovaci\u00f3n y un servicio excepcional. VISI\u00d3N Ser la empresa l\u00edder en la industria [&hellip;]","og_url":"https:\/\/dulcesyconfitadoshada.com\/index.php\/nosotros\/","og_site_name":"Dulces y Confitados Hada","article_modified_time":"2025-10-28T16:13:04+00:00","og_image":[{"width":2560,"height":1720,"url":"https:\/\/dulcesyconfitadoshada.com\/wp-content\/uploads\/2025\/05\/Equipo-HADA-scaled.jpg","type":"image\/jpeg"}],"twitter_card":"summary_large_image","twitter_misc":{"Tiempo de lectura":"2 minutos"},"schema":{"@context":"https:\/\/schema.org","@graph":[{"@type":"WebPage","@id":"https:\/\/dulcesyconfitadoshada.com\/index.php\/nosotros\/","url":"https:\/\/dulcesyconfitadoshada.com\/index.php\/nosotros\/","name":"Nosotros - Dulces y Confitados Hada","isPartOf":{"@id":"https:\/\/dulcesyconfitadoshada.com\/#website"},"primaryImageOfPage":{"@id":"https:\/\/dulcesyconfitadoshada.com\/index.php\/nosotros\/#primaryimage"},"image":{"@id":"https:\/\/dulcesyconfitadoshada.com\/index.php\/nosotros\/#primaryimage"},"thumbnailUrl":"https:\/\/dulcesyconfitadoshada.com\/wp-content\/uploads\/2025\/05\/Equipo-HADA-1024x688.jpg","datePublished":"2025-05-21T23:42:38+00:00","dateModified":"2025-10-28T16:13:04+00:00","breadcrumb":{"@id":"https:\/\/dulcesyconfitadoshada.com\/index.php\/nosotros\/#breadcrumb"},"inLanguage":"es","potentialAction":[{"@type":"ReadAction","target":["https:\/\/dulcesyconfitadoshada.com\/index.php\/nosotros\/"]}]},{"@type":"ImageObject","inLanguage":"es","@id":"https:\/\/dulcesyconfitadoshada.com\/index.php\/nosotros\/#primaryimage","url":"https:\/\/dulcesyconfitadoshada.com\/wp-content\/uploads\/2025\/05\/Equipo-HADA-scaled.jpg","contentUrl":"https:\/\/dulcesyconfitadoshada.com\/wp-content\/uploads\/2025\/05\/Equipo-HADA-scaled.jpg","width":2560,"height":1720},{"@type":"BreadcrumbList","@id":"https:\/\/dulcesyconfitadoshada.com\/index.php\/nosotros\/#breadcrumb","itemListElement":[{"@type":"ListItem","position":1,"name":"Portada","item":"https:\/\/dulcesyconfitadoshada.com\/"},{"@type":"ListItem","position":2,"name":"Nosotros"}]},{"@type":"WebSite","@id":"https:\/\/dulcesyconfitadoshada.com\/#website","url":"https:\/\/dulcesyconfitadoshada.com\/","name":"Dulces y Confitados Hada","description":"Hada la magia que endulza tu vida","publisher":{"@id":"https:\/\/dulcesyconfitadoshada.com\/#organization"},"potentialAction":[{"@type":"SearchAction","target":{"@type":"EntryPoint","urlTemplate":"https:\/\/dulcesyconfitadoshada.com\/?s={search_term_string}"},"query-input":{"@type":"PropertyValueSpecification","valueRequired":true,"valueName":"search_term_string"}}],"inLanguage":"es"},{"@type":"Organization","@id":"https:\/\/dulcesyconfitadoshada.com\/#organization","name":"Dulces y Confitados Hada","url":"https:\/\/dulcesyconfitadoshada.com\/","logo":{"@type":"ImageObject","inLanguage":"es","@id":"https:\/\/dulcesyconfitadoshada.com\/#\/schema\/logo\/image\/","url":"https:\/\/dulcesyconfitadoshada.com\/wp-content\/uploads\/2024\/08\/Hada-cabeza-LOGO.webp","contentUrl":"https:\/\/dulcesyconfitadoshada.com\/wp-content\/uploads\/2024\/08\/Hada-cabeza-LOGO.webp","width":1455,"height":1920,"caption":"Dulces y Confitados Hada"},"image":{"@id":"https:\/\/dulcesyconfitadoshada.com\/#\/schema\/logo\/image\/"}}]}},"_links":{"self":[{"href":"https:\/\/dulcesyconfitadoshada.com\/index.php\/wp-json\/wp\/v2\/pages\/615","targetHints":{"allow":["GET"]}}],"collection":[{"href":"https:\/\/dulcesyconfitadoshada.com\/index.php\/wp-json\/wp\/v2\/pages"}],"about":[{"href":"https:\/\/dulcesyconfitadoshada.com\/index.php\/wp-json\/wp\/v2\/types\/page"}],"author":[{"embeddable":true,"href":"https:\/\/dulcesyconfitadoshada.com\/index.php\/wp-json\/wp\/v2\/users\/1"}],"replies":[{"embeddable":true,"href":"https:\/\/dulcesyconfitadoshada.com\/index.php\/wp-json\/wp\/v2\/comments?post=615"}],"version-history":[{"count":25,"href":"https:\/\/dulcesyconfitadoshada.com\/index.php\/wp-json\/wp\/v2\/pages\/615\/revisions"}],"predecessor-version":[{"id":867,"href":"https:\/\/dulcesyconfitadoshada.com\/index.php\/wp-json\/wp\/v2\/pages\/615\/revisions\/867"}],"wp:attachment":[{"href":"https:\/\/dulcesyconfitadoshada.com\/index.php\/wp-json\/wp\/v2\/media?parent=615"}],"curies":[{"name":"wp","href":"https:\/\/api.w.org\/{rel}","templated":true}]}}